{"id":3223,"date":"2022-01-11T02:39:17","date_gmt":"2022-01-11T02:39:17","guid":{"rendered":"https:\/\/casarolandsanjose.com\/amenities\/"},"modified":"2023-08-29T23:24:24","modified_gmt":"2023-08-29T23:24:24","slug":"comodidades","status":"publish","type":"page","link":"https:\/\/casarolandsanjose.com\/es\/comodidades\/","title":{"rendered":"Comodidades"},"content":{"rendered":"\t\t<div data-elementor-type=\"wp-page\" data-elementor-id=\"3223\" class=\"elementor elementor-3223 elementor-216\" data-elementor-post-type=\"page\">\n\t\t\t\t\t\t<section class=\"elementor-section elementor-top-section elementor-element elementor-element-6401bdc elementor-section-content-middle elementor-section-boxed elementor-section-height-default elementor-section-height-default\" data-id=\"6401bdc\" data-element_type=\"section\" data-e-type=\"section\">\n\t\t\t\t\t\t<div class=\"elementor-container elementor-column-gap-default\">\n\t\t\t\t\t<div class=\"elementor-column elementor-col-50 elementor-top-column elementor-element elementor-element-89d3c5d\" data-id=\"89d3c5d\" data-element_type=\"column\" data-e-type=\"column\">\n\t\t\t<div class=\"elementor-widget-wrap elementor-element-populated\">\n\t\t\t\t\t\t<div class=\"elementor-element elementor-element-a559fa1 elementor-skin-carousel elementor-widget elementor-widget-media-carousel\" data-id=\"a559fa1\" data-element_type=\"widget\" data-e-type=\"widget\" data-settings=\"{&quot;effect&quot;:&quot;fade&quot;,&quot;skin&quot;:&quot;carousel&quot;,&quot;speed&quot;:500,&quot;autoplay&quot;:&quot;yes&quot;,&quot;autoplay_speed&quot;:5000,&quot;loop&quot;:&quot;yes&quot;,&quot;pause_on_hover&quot;:&quot;yes&quot;,&quot;pause_on_interaction&quot;:&quot;yes&quot;,&quot;space_between&quot;:{&quot;unit&quot;:&quot;px&quot;,&quot;size&quot;:10,&quot;sizes&quot;:[]},&quot;space_between_tablet&quot;:{&quot;unit&quot;:&quot;px&quot;,&quot;size&quot;:10,&quot;sizes&quot;:[]},&quot;space_between_mobile&quot;:{&quot;unit&quot;:&quot;px&quot;,&quot;size&quot;:10,&quot;sizes&quot;:[]}}\" data-widget_type=\"media-carousel.default\">\n\t\t\t\t<div class=\"elementor-widget-container\">\n\t\t\t\t\t\t\t\t\t<div class=\"elementor-swiper\">\n\t\t\t\t\t<div class=\"elementor-main-swiper swiper\" role=\"region\" aria-roledescription=\"carousel\" aria-label=\"Diapositivas\">\n\t\t\t\t<div class=\"swiper-wrapper\">\n\t\t\t\t\t\t\t\t\t\t\t<div class=\"swiper-slide\" role=\"group\" aria-roledescription=\"slide\">\n\t\t\t\t\t\t\t\t\t<div class=\"elementor-carousel-image\" role=\"img\" aria-label=\"Hotel with breakfast in San Jos\u00e9\" style=\"background-image: url(&#039;https:\/\/casarolandsanjose.com\/wp-content\/uploads\/2022\/01\/22-Desayunos-4.jpg&#039;)\">\n\n\t\t\t\n\t\t\t\t\t<\/div>\n\t\t\t\t\t\t\t\t<\/div>\n\t\t\t\t\t\t\t\t\t\t\t<div class=\"swiper-slide\" role=\"group\" aria-roledescription=\"slide\">\n\t\t\t\t\t\t\t\t\t<div class=\"elementor-carousel-image\" role=\"img\" aria-label=\"Relaxing getaway San Jose\" style=\"background-image: url(&#039;https:\/\/casarolandsanjose.com\/wp-content\/uploads\/2022\/01\/image6117.jpg&#039;)\">\n\n\t\t\t\n\t\t\t\t\t<\/div>\n\t\t\t\t\t\t\t\t<\/div>\n\t\t\t\t\t\t\t\t\t\t\t<div class=\"swiper-slide\" role=\"group\" aria-roledescription=\"slide\">\n\t\t\t\t\t\t\t\t\t<div class=\"elementor-carousel-image\" role=\"img\" aria-label=\"\" style=\"background-image: url(&#039;https:\/\/casarolandsanjose.com\/wp-content\/uploads\/2022\/01\/Casa-Roland-Recepcion-4.jpg&#039;)\">\n\n\t\t\t\n\t\t\t\t\t<\/div>\n\t\t\t\t\t\t\t\t<\/div>\n\t\t\t\t\t\t\t\t\t\t\t<div class=\"swiper-slide\" role=\"group\" aria-roledescription=\"slide\">\n\t\t\t\t\t\t\t\t\t<div class=\"elementor-carousel-image\" role=\"img\" aria-label=\"best boutique hotel in san jose costa rica\" style=\"background-image: url(&#039;https:\/\/casarolandsanjose.com\/wp-content\/uploads\/2022\/01\/Casa-Roland-8.jpg&#039;)\">\n\n\t\t\t\n\t\t\t\t\t<\/div>\n\t\t\t\t\t\t\t\t<\/div>\n\t\t\t\t\t\t\t\t\t\t\t<div class=\"swiper-slide\" role=\"group\" aria-roledescription=\"slide\">\n\t\t\t\t\t\t\t\t\t<div class=\"elementor-carousel-image\" role=\"img\" aria-label=\"Exclusive Boutique Hotel in San Jos\u00e9\" style=\"background-image: url(&#039;https:\/\/casarolandsanjose.com\/wp-content\/uploads\/2022\/01\/Casa-Roland-Recepcion-8.jpg&#039;)\">\n\n\t\t\t\n\t\t\t\t\t<\/div>\n\t\t\t\t\t\t\t\t<\/div>\n\t\t\t\t\t\t\t\t\t<\/div>\n\t\t\t\t\t\t\t\t\t\t\t\t\t\t\t\t\t\t\t\t\t<\/div>\n\t\t\t\t<\/div>\n\t\t\t\t\t\t\t\t<\/div>\n\t\t\t\t<\/div>\n\t\t\t\t\t<\/div>\n\t\t<\/div>\n\t\t\t\t<div class=\"elementor-column elementor-col-50 elementor-top-column elementor-element elementor-element-df868b6\" data-id=\"df868b6\" data-element_type=\"column\" data-e-type=\"column\">\n\t\t\t<div class=\"elementor-widget-wrap elementor-element-populated\">\n\t\t\t\t\t\t<div class=\"elementor-element elementor-element-9fcd405 elementor-widget elementor-widget-heading\" data-id=\"9fcd405\" data-element_type=\"widget\" data-e-type=\"widget\" data-widget_type=\"heading.default\">\n\t\t\t\t<div class=\"elementor-widget-container\">\n\t\t\t\t\t<h1 class=\"elementor-heading-title elementor-size-default\">Comodidades<\/h1>\t\t\t\t<\/div>\n\t\t\t\t<\/div>\n\t\t\t\t<div class=\"elementor-element elementor-element-c1ce88f elementor-widget elementor-widget-heading\" data-id=\"c1ce88f\" data-element_type=\"widget\" data-e-type=\"widget\" data-widget_type=\"heading.default\">\n\t\t\t\t<div class=\"elementor-widget-container\">\n\t\t\t\t\t<h3 class=\"elementor-heading-title elementor-size-default\">El Grupo Hotelero Casa Roland comenz\u00f3 como un solo Bed &amp; Breakfast ubicado en San Jos\u00e9, Costa Rica.<\/h3>\t\t\t\t<\/div>\n\t\t\t\t<\/div>\n\t\t\t\t<div class=\"elementor-element elementor-element-8b135f1 elementor-widget elementor-widget-heading\" data-id=\"8b135f1\" data-element_type=\"widget\" data-e-type=\"widget\" data-widget_type=\"heading.default\">\n\t\t\t\t<div class=\"elementor-widget-container\">\n\t\t\t\t\t<h3 class=\"elementor-heading-title elementor-size-default\">Sala de desayuno<\/h3>\t\t\t\t<\/div>\n\t\t\t\t<\/div>\n\t\t\t\t<div class=\"elementor-element elementor-element-feadc47 elementor-position-inline-start elementor-view-default elementor-mobile-position-block-start elementor-widget elementor-widget-icon-box\" data-id=\"feadc47\" data-element_type=\"widget\" data-e-type=\"widget\" data-widget_type=\"icon-box.default\">\n\t\t\t\t<div class=\"elementor-widget-container\">\n\t\t\t\t\t\t\t<div class=\"elementor-icon-box-wrapper\">\n\n\t\t\t\t\t\t<div class=\"elementor-icon-box-icon\">\n\t\t\t\t<span  class=\"elementor-icon\">\n\t\t\t\t<i aria-hidden=\"true\" class=\"fas fa-concierge-bell\"><\/i>\t\t\t\t<\/span>\n\t\t\t<\/div>\n\t\t\t\n\t\t\t\t\t\t<div class=\"elementor-icon-box-content\">\n\n\t\t\t\t\n\t\t\t\t\t\t\t\t\t<p class=\"elementor-icon-box-description\">\n\t\t\t\t\t\tOfrecer a nuestros hu\u00e9spedes una variedad de deliciosos platillos para el desayuno, cada uno de ellos preparado para complacer el paladar de nuestros hu\u00e9spedes; al mismo tiempo disfrutando de un ambiente elegante, mobiliario y decoraci\u00f3n exclusivos, y abundancia de grandes obras de arte.\t\t\t\t\t<\/p>\n\t\t\t\t\n\t\t\t<\/div>\n\t\t\t\n\t\t<\/div>\n\t\t\t\t\t\t<\/div>\n\t\t\t\t<\/div>\n\t\t\t\t<div class=\"elementor-element elementor-element-9ab1199 elementor-widget elementor-widget-heading\" data-id=\"9ab1199\" data-element_type=\"widget\" data-e-type=\"widget\" data-widget_type=\"heading.default\">\n\t\t\t\t<div class=\"elementor-widget-container\">\n\t\t\t\t\t<h3 class=\"elementor-heading-title elementor-size-default\">Bar Sal\u00f3n<\/h3>\t\t\t\t<\/div>\n\t\t\t\t<\/div>\n\t\t\t\t<div class=\"elementor-element elementor-element-c4d1357 elementor-position-inline-start elementor-view-default elementor-mobile-position-block-start elementor-widget elementor-widget-icon-box\" data-id=\"c4d1357\" data-element_type=\"widget\" data-e-type=\"widget\" data-widget_type=\"icon-box.default\">\n\t\t\t\t<div class=\"elementor-widget-container\">\n\t\t\t\t\t\t\t<div class=\"elementor-icon-box-wrapper\">\n\n\t\t\t\t\t\t<div class=\"elementor-icon-box-icon\">\n\t\t\t\t<span  class=\"elementor-icon\">\n\t\t\t\t<i aria-hidden=\"true\" class=\"fas fa-cocktail\"><\/i>\t\t\t\t<\/span>\n\t\t\t<\/div>\n\t\t\t\n\t\t\t\t\t\t<div class=\"elementor-icon-box-content\">\n\n\t\t\t\t\n\t\t\t\t\t\t\t\t\t<p class=\"elementor-icon-box-description\">\n\t\t\t\t\t\tPuede disfrutar de un c\u00f3ctel despu\u00e9s de sus reuniones de trabajo o despu\u00e9s de un d\u00eda de excursiones en nuestro Bar Lounge.\t\t\t\t\t<\/p>\n\t\t\t\t\n\t\t\t<\/div>\n\t\t\t\n\t\t<\/div>\n\t\t\t\t\t\t<\/div>\n\t\t\t\t<\/div>\n\t\t\t\t<div class=\"elementor-element elementor-element-2a87e09 elementor-align-left elementor-mobile-align-center elementor-widget elementor-widget-button\" data-id=\"2a87e09\" data-element_type=\"widget\" data-e-type=\"widget\" data-widget_type=\"button.default\">\n\t\t\t\t<div class=\"elementor-widget-container\">\n\t\t\t\t\t\t\t\t\t<div class=\"elementor-button-wrapper\">\n\t\t\t\t\t<a class=\"elementor-button elementor-button-link elementor-size-md\" href=\"https:\/\/casarolandsanjose.com\/es\/contact\/\">\n\t\t\t\t\t\t<span class=\"elementor-button-content-wrapper\">\n\t\t\t\t\t\t\t\t\t<span class=\"elementor-button-text\">CONT\u00c1CTANOS<\/span>\n\t\t\t\t\t<\/span>\n\t\t\t\t\t<\/a>\n\t\t\t\t<\/div>\n\t\t\t\t\t\t\t\t<\/div>\n\t\t\t\t<\/div>\n\t\t\t\t\t<\/div>\n\t\t<\/div>\n\t\t\t\t\t<\/div>\n\t\t<\/section>\n\t\t\t\t<\/div>\n\t\t","protected":false},"excerpt":{"rendered":"<p>Comodidades El Grupo Hotelero Casa Roland comenz\u00f3 como un solo Bed &#038; Breakfast ubicado en San Jos\u00e9, Costa Rica. Sala de desayuno Ofrecer a nuestros hu\u00e9spedes una variedad de deliciosos platillos para el desayuno, cada uno de ellos preparado para complacer el paladar de nuestros hu\u00e9spedes; al mismo tiempo disfrutando de un ambiente elegante, mobiliario [&hellip;]<\/p>\n","protected":false},"author":2,"featured_media":0,"parent":0,"menu_order":0,"comment_status":"closed","ping_status":"closed","template":"elementor_header_footer","meta":{"site-sidebar-layout":"default","site-content-layout":"","ast-site-content-layout":"default","site-content-style":"default","site-sidebar-style":"default","ast-global-header-display":"","ast-banner-title-visibility":"","ast-main-header-display":"","ast-hfb-above-header-display":"","ast-hfb-below-header-display":"","ast-hfb-mobile-header-display":"","site-post-title":"","ast-breadcrumbs-content":"","ast-featured-img":"","footer-sml-layout":"","ast-disable-related-posts":"","theme-transparent-header-meta":"","adv-header-id-meta":"","stick-header-meta":"","header-above-stick-meta":"","header-main-stick-meta":"","header-below-stick-meta":"","astra-migrate-meta-layouts":"set","ast-page-background-enabled":"default","ast-page-background-meta":{"desktop":{"background-color":"var(--ast-global-color-4)","background-image":"","background-repeat":"repeat","background-position":"center center","background-size":"auto","background-attachment":"scroll","background-type":"","background-media":"","overlay-type":"","overlay-color":"","overlay-opacity":"","overlay-gradient":""},"tablet":{"background-color":"","background-image":"","background-repeat":"repeat","background-position":"center center","background-size":"auto","background-attachment":"scroll","background-type":"","background-media":"","overlay-type":"","overlay-color":"","overlay-opacity":"","overlay-gradient":""},"mobile":{"background-color":"","background-image":"","background-repeat":"repeat","background-position":"center center","background-size":"auto","background-attachment":"scroll","background-type":"","background-media":"","overlay-type":"","overlay-color":"","overlay-opacity":"","overlay-gradient":""}},"ast-content-background-meta":{"desktop":{"background-color":"var(--ast-global-color-5)","background-image":"","background-repeat":"repeat","background-position":"center center","background-size":"auto","background-attachment":"scroll","background-type":"","background-media":"","overlay-type":"","overlay-color":"","overlay-opacity":"","overlay-gradient":""},"tablet":{"background-color":"var(--ast-global-color-5)","background-image":"","background-repeat":"repeat","background-position":"center center","background-size":"auto","background-attachment":"scroll","background-type":"","background-media":"","overlay-type":"","overlay-color":"","overlay-opacity":"","overlay-gradient":""},"mobile":{"background-color":"var(--ast-global-color-5)","background-image":"","background-repeat":"repeat","background-position":"center center","background-size":"auto","background-attachment":"scroll","background-type":"","background-media":"","overlay-type":"","overlay-color":"","overlay-opacity":"","overlay-gradient":""}},"_glsr_average":0,"_glsr_ranking":0,"_glsr_reviews":0,"footnotes":""},"class_list":["post-3223","page","type-page","status-publish","hentry"],"yoast_head":"<!-- This site is optimized with the Yoast SEO Premium plugin v20.6 (Yoast SEO v27.5) - https:\/\/yoast.com\/product\/yoast-seo-premium-wordpress\/ -->\n<title>Comodidades - Casa Roland San Jos\u00e9<\/title>\n<meta name=\"robots\" content=\"index, follow, max-snippet:-1, max-image-preview:large, max-video-preview:-1\" \/>\n<link rel=\"canonical\" href=\"https:\/\/casarolandsanjose.com\/es\/comodidades\/\" \/>\n<meta property=\"og:locale\" content=\"es_ES\" \/>\n<meta property=\"og:type\" content=\"article\" \/>\n<meta property=\"og:title\" content=\"Comodidades\" \/>\n<meta property=\"og:description\" content=\"Comodidades El Grupo Hotelero Casa Roland comenz\u00f3 como un solo Bed &#038; Breakfast ubicado en San Jos\u00e9, Costa Rica. Sala de desayuno Ofrecer a nuestros hu\u00e9spedes una variedad de deliciosos platillos para el desayuno, cada uno de ellos preparado para complacer el paladar de nuestros hu\u00e9spedes; al mismo tiempo disfrutando de un ambiente elegante, mobiliario [&hellip;]\" \/>\n<meta property=\"og:url\" content=\"https:\/\/casarolandsanjose.com\/es\/comodidades\/\" \/>\n<meta property=\"og:site_name\" content=\"Casa Roland San Jos\u00e9\" \/>\n<meta property=\"article:publisher\" content=\"https:\/\/www.facebook.com\/casarolandsanjose\/\" \/>\n<meta property=\"article:modified_time\" content=\"2023-08-29T23:24:24+00:00\" \/>\n<meta name=\"twitter:card\" content=\"summary_large_image\" \/>\n<meta name=\"twitter:label1\" content=\"Tiempo de lectura\" \/>\n\t<meta name=\"twitter:data1\" content=\"1 minuto\" \/>\n<script type=\"application\/ld+json\" class=\"yoast-schema-graph\">{\"@context\":\"https:\\\/\\\/schema.org\",\"@graph\":[{\"@type\":\"WebPage\",\"@id\":\"https:\\\/\\\/casarolandsanjose.com\\\/es\\\/comodidades\\\/\",\"url\":\"https:\\\/\\\/casarolandsanjose.com\\\/es\\\/comodidades\\\/\",\"name\":\"Comodidades - Casa Roland San Jos\u00e9\",\"isPartOf\":{\"@id\":\"https:\\\/\\\/casarolandsanjose.com\\\/#website\"},\"datePublished\":\"2022-01-11T02:39:17+00:00\",\"dateModified\":\"2023-08-29T23:24:24+00:00\",\"breadcrumb\":{\"@id\":\"https:\\\/\\\/casarolandsanjose.com\\\/es\\\/comodidades\\\/#breadcrumb\"},\"inLanguage\":\"es\",\"potentialAction\":[{\"@type\":\"ReadAction\",\"target\":[\"https:\\\/\\\/casarolandsanjose.com\\\/es\\\/comodidades\\\/\"]}]},{\"@type\":\"BreadcrumbList\",\"@id\":\"https:\\\/\\\/casarolandsanjose.com\\\/es\\\/comodidades\\\/#breadcrumb\",\"itemListElement\":[{\"@type\":\"ListItem\",\"position\":1,\"name\":\"Portada\",\"item\":\"https:\\\/\\\/casarolandsanjose.com\\\/\"},{\"@type\":\"ListItem\",\"position\":2,\"name\":\"Comodidades\"}]},{\"@type\":\"WebSite\",\"@id\":\"https:\\\/\\\/casarolandsanjose.com\\\/#website\",\"url\":\"https:\\\/\\\/casarolandsanjose.com\\\/\",\"name\":\"Hotel Casa Roland San Jos\u00e9\",\"description\":\"Un Hotel Boutique en el Centro de San Jos\u00e9\",\"publisher\":{\"@id\":\"https:\\\/\\\/casarolandsanjose.com\\\/#organization\"},\"potentialAction\":[{\"@type\":\"SearchAction\",\"target\":{\"@type\":\"EntryPoint\",\"urlTemplate\":\"https:\\\/\\\/casarolandsanjose.com\\\/?s={search_term_string}\"},\"query-input\":{\"@type\":\"PropertyValueSpecification\",\"valueRequired\":true,\"valueName\":\"search_term_string\"}}],\"inLanguage\":\"es\"},{\"@type\":\"Organization\",\"@id\":\"https:\\\/\\\/casarolandsanjose.com\\\/#organization\",\"name\":\"Hotel Casa Roland San Jos\u00e9\",\"url\":\"https:\\\/\\\/casarolandsanjose.com\\\/\",\"logo\":{\"@type\":\"ImageObject\",\"inLanguage\":\"es\",\"@id\":\"https:\\\/\\\/casarolandsanjose.com\\\/#\\\/schema\\\/logo\\\/image\\\/\",\"url\":\"https:\\\/\\\/casarolandsanjose.com\\\/wp-content\\\/uploads\\\/2023\\\/03\\\/Hotel-Casa-Roland-San-Jose.png\",\"contentUrl\":\"https:\\\/\\\/casarolandsanjose.com\\\/wp-content\\\/uploads\\\/2023\\\/03\\\/Hotel-Casa-Roland-San-Jose.png\",\"width\":1170,\"height\":400,\"caption\":\"Hotel Casa Roland San Jos\u00e9\"},\"image\":{\"@id\":\"https:\\\/\\\/casarolandsanjose.com\\\/#\\\/schema\\\/logo\\\/image\\\/\"},\"sameAs\":[\"https:\\\/\\\/www.facebook.com\\\/casarolandsanjose\\\/\",\"https:\\\/\\\/www.instagram.com\\\/casaroland.sanjose\\\/\"]}]}<\/script>\n<!-- \/ Yoast SEO Premium plugin. -->","yoast_head_json":{"title":"Comodidades - Casa Roland San Jos\u00e9","robots":{"index":"index","follow":"follow","max-snippet":"max-snippet:-1","max-image-preview":"max-image-preview:large","max-video-preview":"max-video-preview:-1"},"canonical":"https:\/\/casarolandsanjose.com\/es\/comodidades\/","og_locale":"es_ES","og_type":"article","og_title":"Comodidades","og_description":"Comodidades El Grupo Hotelero Casa Roland comenz\u00f3 como un solo Bed &#038; Breakfast ubicado en San Jos\u00e9, Costa Rica. Sala de desayuno Ofrecer a nuestros hu\u00e9spedes una variedad de deliciosos platillos para el desayuno, cada uno de ellos preparado para complacer el paladar de nuestros hu\u00e9spedes; al mismo tiempo disfrutando de un ambiente elegante, mobiliario [&hellip;]","og_url":"https:\/\/casarolandsanjose.com\/es\/comodidades\/","og_site_name":"Casa Roland San Jos\u00e9","article_publisher":"https:\/\/www.facebook.com\/casarolandsanjose\/","article_modified_time":"2023-08-29T23:24:24+00:00","twitter_card":"summary_large_image","twitter_misc":{"Tiempo de lectura":"1 minuto"},"schema":{"@context":"https:\/\/schema.org","@graph":[{"@type":"WebPage","@id":"https:\/\/casarolandsanjose.com\/es\/comodidades\/","url":"https:\/\/casarolandsanjose.com\/es\/comodidades\/","name":"Comodidades - Casa Roland San Jos\u00e9","isPartOf":{"@id":"https:\/\/casarolandsanjose.com\/#website"},"datePublished":"2022-01-11T02:39:17+00:00","dateModified":"2023-08-29T23:24:24+00:00","breadcrumb":{"@id":"https:\/\/casarolandsanjose.com\/es\/comodidades\/#breadcrumb"},"inLanguage":"es","potentialAction":[{"@type":"ReadAction","target":["https:\/\/casarolandsanjose.com\/es\/comodidades\/"]}]},{"@type":"BreadcrumbList","@id":"https:\/\/casarolandsanjose.com\/es\/comodidades\/#breadcrumb","itemListElement":[{"@type":"ListItem","position":1,"name":"Portada","item":"https:\/\/casarolandsanjose.com\/"},{"@type":"ListItem","position":2,"name":"Comodidades"}]},{"@type":"WebSite","@id":"https:\/\/casarolandsanjose.com\/#website","url":"https:\/\/casarolandsanjose.com\/","name":"Hotel Casa Roland San Jos\u00e9","description":"Un Hotel Boutique en el Centro de San Jos\u00e9","publisher":{"@id":"https:\/\/casarolandsanjose.com\/#organization"},"potentialAction":[{"@type":"SearchAction","target":{"@type":"EntryPoint","urlTemplate":"https:\/\/casarolandsanjose.com\/?s={search_term_string}"},"query-input":{"@type":"PropertyValueSpecification","valueRequired":true,"valueName":"search_term_string"}}],"inLanguage":"es"},{"@type":"Organization","@id":"https:\/\/casarolandsanjose.com\/#organization","name":"Hotel Casa Roland San Jos\u00e9","url":"https:\/\/casarolandsanjose.com\/","logo":{"@type":"ImageObject","inLanguage":"es","@id":"https:\/\/casarolandsanjose.com\/#\/schema\/logo\/image\/","url":"https:\/\/casarolandsanjose.com\/wp-content\/uploads\/2023\/03\/Hotel-Casa-Roland-San-Jose.png","contentUrl":"https:\/\/casarolandsanjose.com\/wp-content\/uploads\/2023\/03\/Hotel-Casa-Roland-San-Jose.png","width":1170,"height":400,"caption":"Hotel Casa Roland San Jos\u00e9"},"image":{"@id":"https:\/\/casarolandsanjose.com\/#\/schema\/logo\/image\/"},"sameAs":["https:\/\/www.facebook.com\/casarolandsanjose\/","https:\/\/www.instagram.com\/casaroland.sanjose\/"]}]}},"_links":{"self":[{"href":"https:\/\/casarolandsanjose.com\/es\/wp-json\/wp\/v2\/pages\/3223","targetHints":{"allow":["GET"]}}],"collection":[{"href":"https:\/\/casarolandsanjose.com\/es\/wp-json\/wp\/v2\/pages"}],"about":[{"href":"https:\/\/casarolandsanjose.com\/es\/wp-json\/wp\/v2\/types\/page"}],"author":[{"embeddable":true,"href":"https:\/\/casarolandsanjose.com\/es\/wp-json\/wp\/v2\/users\/2"}],"replies":[{"embeddable":true,"href":"https:\/\/casarolandsanjose.com\/es\/wp-json\/wp\/v2\/comments?post=3223"}],"version-history":[{"count":3,"href":"https:\/\/casarolandsanjose.com\/es\/wp-json\/wp\/v2\/pages\/3223\/revisions"}],"predecessor-version":[{"id":3818,"href":"https:\/\/casarolandsanjose.com\/es\/wp-json\/wp\/v2\/pages\/3223\/revisions\/3818"}],"wp:attachment":[{"href":"https:\/\/casarolandsanjose.com\/es\/wp-json\/wp\/v2\/media?parent=3223"}],"curies":[{"name":"wp","href":"https:\/\/api.w.org\/{rel}","templated":true}]}}